{"id":725,"date":"2023-10-09T18:20:16","date_gmt":"2023-10-09T18:20:16","guid":{"rendered":"https:\/\/capecooperage.com\/contact-french\/"},"modified":"2024-03-22T18:13:00","modified_gmt":"2024-03-22T18:13:00","slug":"contact","status":"publish","type":"page","link":"https:\/\/capecooperage.com\/fr\/contact\/","title":{"rendered":"Contact"},"content":{"rendered":"<div id=\"cs-content\" class=\"cs-content\"><\/div>\n","protected":false},"excerpt":{"rendered":"<p>Contactez-nous Veuillez remplir le formulaire de contact afin d\u2019\u00eatre mis en relation avec le consultant responsable de votre territoire. Si vous avez d\u00e9j\u00e0 un consultant en barriques, merci de le contacter en utilisant les coordonn\u00e9es indiqu\u00e9es sur la page de notre \u00e9quipe. URLCe champ n\u2019est utilis\u00e9 qu\u2019\u00e0 des fins de validation et devrait rester inchang\u00e9.Coordonn\u00e9esNom (N\u00e9cessaire) Pr\u00e9nom Nom EntrepriseComment vous &#8230; <\/p>\n<div><a href=\"https:\/\/capecooperage.com\/fr\/contact\/\" class=\"more-link\">Read More<\/a><\/div>\n","protected":false},"author":3,"featured_media":0,"parent":0,"menu_order":0,"comment_status":"closed","ping_status":"closed","template":"template-blank-4.php","meta":{"footnotes":""},"class_list":["post-725","page","type-page","status-publish","hentry","no-post-thumbnail"],"_links":{"self":[{"href":"https:\/\/capecooperage.com\/fr\/wp-json\/wp\/v2\/pages\/725","targetHints":{"allow":["GET"]}}],"collection":[{"href":"https:\/\/capecooperage.com\/fr\/wp-json\/wp\/v2\/pages"}],"about":[{"href":"https:\/\/capecooperage.com\/fr\/wp-json\/wp\/v2\/types\/page"}],"author":[{"embeddable":true,"href":"https:\/\/capecooperage.com\/fr\/wp-json\/wp\/v2\/users\/3"}],"replies":[{"embeddable":true,"href":"https:\/\/capecooperage.com\/fr\/wp-json\/wp\/v2\/comments?post=725"}],"version-history":[{"count":6,"href":"https:\/\/capecooperage.com\/fr\/wp-json\/wp\/v2\/pages\/725\/revisions"}],"predecessor-version":[{"id":743,"href":"https:\/\/capecooperage.com\/fr\/wp-json\/wp\/v2\/pages\/725\/revisions\/743"}],"wp:attachment":[{"href":"https:\/\/capecooperage.com\/fr\/wp-json\/wp\/v2\/media?parent=725"}],"curies":[{"name":"wp","href":"https:\/\/api.w.org\/{rel}","templated":true}]}}