{"id":711,"date":"2024-03-22T15:51:56","date_gmt":"2024-03-22T15:51:56","guid":{"rendered":"https:\/\/capecooperage.com\/kentucky-bourbon-barrel-french\/"},"modified":"2024-03-22T15:56:46","modified_gmt":"2024-03-22T15:56:46","slug":"kentucky-bourbon-barrel","status":"publish","type":"page","link":"https:\/\/capecooperage.com\/fr\/marques\/barriques-a-spiritueux\/kentucky-bourbon-barrel\/","title":{"rendered":"Kentucky Bourbon Barrel"},"content":{"rendered":"<div id=\"cs-content\" class=\"cs-content\"><\/div>\n","protected":false},"excerpt":{"rendered":"<p>Kentucky Bourbon Barrel Kentucky, \u00c9tats-Unis | County Kildare, IrlandeLa soci\u00e9t\u00e9 Kentucky Bourbon Barrel fournit des barriques d\u2019occasion de grande qualit\u00e9, pr\u00eates au remplissage, aux distilleries, domaines viticoles et brasseries partout dans le monde. Elle propose une large gamme de produits adapt\u00e9s au caract\u00e8re unique de vos boissons, et son \u00e9quipe de professionnels s\u2019engage \u00e0 assurer le meilleur niveau de service &#8230; <\/p>\n<div><a href=\"https:\/\/capecooperage.com\/fr\/marques\/barriques-a-spiritueux\/kentucky-bourbon-barrel\/\" class=\"more-link\">Read More<\/a><\/div>\n","protected":false},"author":3,"featured_media":0,"parent":644,"menu_order":0,"comment_status":"closed","ping_status":"closed","template":"template-blank-4.php","meta":{"footnotes":""},"class_list":["post-711","page","type-page","status-publish","hentry","no-post-thumbnail"],"_links":{"self":[{"href":"https:\/\/capecooperage.com\/fr\/wp-json\/wp\/v2\/pages\/711","targetHints":{"allow":["GET"]}}],"collection":[{"href":"https:\/\/capecooperage.com\/fr\/wp-json\/wp\/v2\/pages"}],"about":[{"href":"https:\/\/capecooperage.com\/fr\/wp-json\/wp\/v2\/types\/page"}],"author":[{"embeddable":true,"href":"https:\/\/capecooperage.com\/fr\/wp-json\/wp\/v2\/users\/3"}],"replies":[{"embeddable":true,"href":"https:\/\/capecooperage.com\/fr\/wp-json\/wp\/v2\/comments?post=711"}],"version-history":[{"count":4,"href":"https:\/\/capecooperage.com\/fr\/wp-json\/wp\/v2\/pages\/711\/revisions"}],"predecessor-version":[{"id":716,"href":"https:\/\/capecooperage.com\/fr\/wp-json\/wp\/v2\/pages\/711\/revisions\/716"}],"up":[{"embeddable":true,"href":"https:\/\/capecooperage.com\/fr\/wp-json\/wp\/v2\/pages\/644"}],"wp:attachment":[{"href":"https:\/\/capecooperage.com\/fr\/wp-json\/wp\/v2\/media?parent=711"}],"curies":[{"name":"wp","href":"https:\/\/api.w.org\/{rel}","templated":true}]}}