{"id":708,"date":"2024-03-22T15:51:50","date_gmt":"2024-03-22T15:51:50","guid":{"rendered":"https:\/\/capecooperage.com\/isc-barrels-french\/"},"modified":"2024-03-22T16:01:34","modified_gmt":"2024-03-22T16:01:34","slug":"isc-barrels","status":"publish","type":"page","link":"https:\/\/capecooperage.com\/fr\/marques\/barriques-a-spiritueux\/isc-barrels\/","title":{"rendered":"ISC Barrels"},"content":{"rendered":"<div id=\"cs-content\" class=\"cs-content\"><\/div>\n","protected":false},"excerpt":{"rendered":"<p>ISC Barrels Missouri et Kentucky, \u00c9tats-UnisISC travaille en partenariat avec des distillateurs d\u2019envergure mondiale afin de cr\u00e9er des solutions novatrices pour l\u2019\u00e9levage en f\u00fbts de leurs spiritueux au caract\u00e8re unique. De la for\u00eat jusqu\u2019\u00e0 la barrique, l\u2019entreprise est d\u00e9di\u00e9e \u00e0 la qualit\u00e9 et \u00e0 la transparence, pour que ses clients ne re\u00e7oivent des barriques que de la plus grande qualit\u00e9. &#8230; <\/p>\n<div><a href=\"https:\/\/capecooperage.com\/fr\/marques\/barriques-a-spiritueux\/isc-barrels\/\" class=\"more-link\">Read More<\/a><\/div>\n","protected":false},"author":3,"featured_media":0,"parent":644,"menu_order":0,"comment_status":"closed","ping_status":"closed","template":"template-blank-4.php","meta":{"footnotes":""},"class_list":["post-708","page","type-page","status-publish","hentry","no-post-thumbnail"],"_links":{"self":[{"href":"https:\/\/capecooperage.com\/fr\/wp-json\/wp\/v2\/pages\/708","targetHints":{"allow":["GET"]}}],"collection":[{"href":"https:\/\/capecooperage.com\/fr\/wp-json\/wp\/v2\/pages"}],"about":[{"href":"https:\/\/capecooperage.com\/fr\/wp-json\/wp\/v2\/types\/page"}],"author":[{"embeddable":true,"href":"https:\/\/capecooperage.com\/fr\/wp-json\/wp\/v2\/users\/3"}],"replies":[{"embeddable":true,"href":"https:\/\/capecooperage.com\/fr\/wp-json\/wp\/v2\/comments?post=708"}],"version-history":[{"count":4,"href":"https:\/\/capecooperage.com\/fr\/wp-json\/wp\/v2\/pages\/708\/revisions"}],"predecessor-version":[{"id":717,"href":"https:\/\/capecooperage.com\/fr\/wp-json\/wp\/v2\/pages\/708\/revisions\/717"}],"up":[{"embeddable":true,"href":"https:\/\/capecooperage.com\/fr\/wp-json\/wp\/v2\/pages\/644"}],"wp:attachment":[{"href":"https:\/\/capecooperage.com\/fr\/wp-json\/wp\/v2\/media?parent=708"}],"curies":[{"name":"wp","href":"https:\/\/api.w.org\/{rel}","templated":true}]}}