{"id":689,"date":"2024-03-22T15:29:36","date_gmt":"2024-03-22T15:29:36","guid":{"rendered":"https:\/\/capecooperage.com\/trutan-french\/"},"modified":"2024-03-22T15:33:25","modified_gmt":"2024-03-22T15:33:25","slug":"trutan","status":"publish","type":"page","link":"https:\/\/capecooperage.com\/fr\/marques\/bois-de-chene-oenologiques\/trutan\/","title":{"rendered":"tru-tan"},"content":{"rendered":"<div id=\"cs-content\" class=\"cs-content\"><\/div>\n","protected":false},"excerpt":{"rendered":"<p>tr\u016b\/tan \u00c9tats-UnisCe qui rend tr\u016b\/tan unique est son bois de ch\u00eane, obtenu directement dans les m\u00eames r\u00e9gions foresti\u00e8res que pour les f\u00fbts de ch\u00eane haut de gamme, et ensuite chauff\u00e9 pr\u00e9cis\u00e9ment gr\u00e2ce \u00e0 nos propres processus exclusifs. Ses m\u00e9langes novateurs de tannins de ch\u00eane, en poudre ou sous forme liquide, apportent de la complexit\u00e9 aux vins et spiritueux et renforcent &#8230; <\/p>\n<div><a href=\"https:\/\/capecooperage.com\/fr\/marques\/bois-de-chene-oenologiques\/trutan\/\" class=\"more-link\">Read More<\/a><\/div>\n","protected":false},"author":3,"featured_media":0,"parent":627,"menu_order":0,"comment_status":"closed","ping_status":"closed","template":"template-blank-4.php","meta":{"footnotes":""},"class_list":["post-689","page","type-page","status-publish","hentry","no-post-thumbnail"],"_links":{"self":[{"href":"https:\/\/capecooperage.com\/fr\/wp-json\/wp\/v2\/pages\/689","targetHints":{"allow":["GET"]}}],"collection":[{"href":"https:\/\/capecooperage.com\/fr\/wp-json\/wp\/v2\/pages"}],"about":[{"href":"https:\/\/capecooperage.com\/fr\/wp-json\/wp\/v2\/types\/page"}],"author":[{"embeddable":true,"href":"https:\/\/capecooperage.com\/fr\/wp-json\/wp\/v2\/users\/3"}],"replies":[{"embeddable":true,"href":"https:\/\/capecooperage.com\/fr\/wp-json\/wp\/v2\/comments?post=689"}],"version-history":[{"count":4,"href":"https:\/\/capecooperage.com\/fr\/wp-json\/wp\/v2\/pages\/689\/revisions"}],"predecessor-version":[{"id":693,"href":"https:\/\/capecooperage.com\/fr\/wp-json\/wp\/v2\/pages\/689\/revisions\/693"}],"up":[{"embeddable":true,"href":"https:\/\/capecooperage.com\/fr\/wp-json\/wp\/v2\/pages\/627"}],"wp:attachment":[{"href":"https:\/\/capecooperage.com\/fr\/wp-json\/wp\/v2\/media?parent=689"}],"curies":[{"name":"wp","href":"https:\/\/api.w.org\/{rel}","templated":true}]}}