{"id":669,"date":"2024-03-22T14:00:12","date_gmt":"2024-03-22T14:00:12","guid":{"rendered":"https:\/\/capecooperage.com\/world-cooperage-french\/"},"modified":"2024-03-22T15:01:59","modified_gmt":"2024-03-22T15:01:59","slug":"world-cooperage","status":"publish","type":"page","link":"https:\/\/capecooperage.com\/fr\/marques\/barriques-a-vin\/world-cooperage\/","title":{"rendered":"World Cooperage"},"content":{"rendered":"<div id=\"cs-content\" class=\"cs-content\"><\/div>\n","protected":false},"excerpt":{"rendered":"<p>World Cooperage Missouri, \u00c9tats-UnisLa World Cooperage travaille en collaboration avec les vinificateurs pour mettre au point des programmes complets et fiables d\u2019\u00e9levage en barriques. Ses technologies brevet\u00e9es donnent des r\u00e9sultats fiables et efficaces, permettant \u00e0 la World Cooperage de fabriquer des barriques avec un excellent rapport qualit\u00e9-prix. Ses barriques sont propos\u00e9es en 4 s\u00e9ries bien distinctes &#8211; Traditional, Profile, Infrared, &#8230; <\/p>\n<div><a href=\"https:\/\/capecooperage.com\/fr\/marques\/barriques-a-vin\/world-cooperage\/\" class=\"more-link\">Read More<\/a><\/div>\n","protected":false},"author":3,"featured_media":0,"parent":622,"menu_order":0,"comment_status":"closed","ping_status":"closed","template":"template-blank-4.php","meta":{"footnotes":""},"class_list":["post-669","page","type-page","status-publish","hentry","no-post-thumbnail"],"_links":{"self":[{"href":"https:\/\/capecooperage.com\/fr\/wp-json\/wp\/v2\/pages\/669","targetHints":{"allow":["GET"]}}],"collection":[{"href":"https:\/\/capecooperage.com\/fr\/wp-json\/wp\/v2\/pages"}],"about":[{"href":"https:\/\/capecooperage.com\/fr\/wp-json\/wp\/v2\/types\/page"}],"author":[{"embeddable":true,"href":"https:\/\/capecooperage.com\/fr\/wp-json\/wp\/v2\/users\/3"}],"replies":[{"embeddable":true,"href":"https:\/\/capecooperage.com\/fr\/wp-json\/wp\/v2\/comments?post=669"}],"version-history":[{"count":4,"href":"https:\/\/capecooperage.com\/fr\/wp-json\/wp\/v2\/pages\/669\/revisions"}],"predecessor-version":[{"id":686,"href":"https:\/\/capecooperage.com\/fr\/wp-json\/wp\/v2\/pages\/669\/revisions\/686"}],"up":[{"embeddable":true,"href":"https:\/\/capecooperage.com\/fr\/wp-json\/wp\/v2\/pages\/622"}],"wp:attachment":[{"href":"https:\/\/capecooperage.com\/fr\/wp-json\/wp\/v2\/media?parent=669"}],"curies":[{"name":"wp","href":"https:\/\/api.w.org\/{rel}","templated":true}]}}