{"id":661,"date":"2024-03-22T13:59:39","date_gmt":"2024-03-22T13:59:39","guid":{"rendered":"https:\/\/capecooperage.com\/maison-moussie-french\/"},"modified":"2024-03-22T14:57:38","modified_gmt":"2024-03-22T14:57:38","slug":"maison-moussie","status":"publish","type":"page","link":"https:\/\/capecooperage.com\/fr\/marques\/barriques-a-vin\/maison-moussie\/","title":{"rendered":"Maison Moussi\u00e9"},"content":{"rendered":"<div id=\"cs-content\" class=\"cs-content\"><\/div>\n","protected":false},"excerpt":{"rendered":"<p>Maison Moussi\u00e9 Bordeaux, FranceConjuguant authenticit\u00e9 et innovation avec la plus grande \u00e9l\u00e9gance, les barriques Maison Moussi\u00e9 sont con\u00e7ues pour pr\u00e9server l\u2019identit\u00e9 des vins et favoriser une pure expression du fruit. Les barriques de la collection Petra sont chauff\u00e9es avec une technologie brevet\u00e9e \u00e0 pierres chauff\u00e9es. Actuellement, nous utilisons des pierres de lave et de jade. Ce proc\u00e9d\u00e9 n\u2019implique aucune combustion, &#8230; <\/p>\n<div><a href=\"https:\/\/capecooperage.com\/fr\/marques\/barriques-a-vin\/maison-moussie\/\" class=\"more-link\">Read More<\/a><\/div>\n","protected":false},"author":3,"featured_media":0,"parent":622,"menu_order":0,"comment_status":"closed","ping_status":"closed","template":"template-blank-4.php","meta":{"footnotes":""},"class_list":["post-661","page","type-page","status-publish","hentry","no-post-thumbnail"],"_links":{"self":[{"href":"https:\/\/capecooperage.com\/fr\/wp-json\/wp\/v2\/pages\/661","targetHints":{"allow":["GET"]}}],"collection":[{"href":"https:\/\/capecooperage.com\/fr\/wp-json\/wp\/v2\/pages"}],"about":[{"href":"https:\/\/capecooperage.com\/fr\/wp-json\/wp\/v2\/types\/page"}],"author":[{"embeddable":true,"href":"https:\/\/capecooperage.com\/fr\/wp-json\/wp\/v2\/users\/3"}],"replies":[{"embeddable":true,"href":"https:\/\/capecooperage.com\/fr\/wp-json\/wp\/v2\/comments?post=661"}],"version-history":[{"count":4,"href":"https:\/\/capecooperage.com\/fr\/wp-json\/wp\/v2\/pages\/661\/revisions"}],"predecessor-version":[{"id":682,"href":"https:\/\/capecooperage.com\/fr\/wp-json\/wp\/v2\/pages\/661\/revisions\/682"}],"up":[{"embeddable":true,"href":"https:\/\/capecooperage.com\/fr\/wp-json\/wp\/v2\/pages\/622"}],"wp:attachment":[{"href":"https:\/\/capecooperage.com\/fr\/wp-json\/wp\/v2\/media?parent=661"}],"curies":[{"name":"wp","href":"https:\/\/api.w.org\/{rel}","templated":true}]}}