{"id":660,"date":"2024-03-22T13:59:39","date_gmt":"2024-03-22T13:59:39","guid":{"rendered":"https:\/\/capecooperage.com\/heinrich-cooperage-french\/"},"modified":"2024-03-22T14:30:36","modified_gmt":"2024-03-22T14:30:36","slug":"heinrich-cooperage","status":"publish","type":"page","link":"https:\/\/capecooperage.com\/fr\/marques\/barriques-a-vin\/heinrich-cooperage\/","title":{"rendered":"Heinrich Cooperage"},"content":{"rendered":"<div id=\"cs-content\" class=\"cs-content\"><\/div>\n","protected":false},"excerpt":{"rendered":"<p>Heinrich Cooperage Vall\u00e9e de Barossa, Australie\u00c9tablie en 1991 dans les collines de la c\u00e9l\u00e8bre r\u00e9gion viticole de la vall\u00e9e de Barossa, en Australie, la Heinrich Cooperage tient \u00e0 sa philosophie : produire des barriques haut de gamme en ch\u00eane am\u00e9ricain. D\u2019ann\u00e9e en ann\u00e9e, elle tient sa promesse de livrer des barriques de grande qualit\u00e9 en harmonie avec le style de &#8230; <\/p>\n<div><a href=\"https:\/\/capecooperage.com\/fr\/marques\/barriques-a-vin\/heinrich-cooperage\/\" class=\"more-link\">Read More<\/a><\/div>\n","protected":false},"author":3,"featured_media":0,"parent":622,"menu_order":0,"comment_status":"closed","ping_status":"closed","template":"template-blank-4.php","meta":{"footnotes":""},"class_list":["post-660","page","type-page","status-publish","hentry","no-post-thumbnail"],"_links":{"self":[{"href":"https:\/\/capecooperage.com\/fr\/wp-json\/wp\/v2\/pages\/660","targetHints":{"allow":["GET"]}}],"collection":[{"href":"https:\/\/capecooperage.com\/fr\/wp-json\/wp\/v2\/pages"}],"about":[{"href":"https:\/\/capecooperage.com\/fr\/wp-json\/wp\/v2\/types\/page"}],"author":[{"embeddable":true,"href":"https:\/\/capecooperage.com\/fr\/wp-json\/wp\/v2\/users\/3"}],"replies":[{"embeddable":true,"href":"https:\/\/capecooperage.com\/fr\/wp-json\/wp\/v2\/comments?post=660"}],"version-history":[{"count":4,"href":"https:\/\/capecooperage.com\/fr\/wp-json\/wp\/v2\/pages\/660\/revisions"}],"predecessor-version":[{"id":677,"href":"https:\/\/capecooperage.com\/fr\/wp-json\/wp\/v2\/pages\/660\/revisions\/677"}],"up":[{"embeddable":true,"href":"https:\/\/capecooperage.com\/fr\/wp-json\/wp\/v2\/pages\/622"}],"wp:attachment":[{"href":"https:\/\/capecooperage.com\/fr\/wp-json\/wp\/v2\/media?parent=660"}],"curies":[{"name":"wp","href":"https:\/\/api.w.org\/{rel}","templated":true}]}}