{"id":655,"date":"2024-03-22T13:54:02","date_gmt":"2024-03-22T13:54:02","guid":{"rendered":"https:\/\/capecooperage.com\/tonnellerie-treameaux-french\/"},"modified":"2024-03-29T13:34:31","modified_gmt":"2024-03-29T13:34:31","slug":"tonnellerie-tremeaux","status":"publish","type":"page","link":"https:\/\/capecooperage.com\/fr\/marques\/barriques-a-vin\/tonnellerie-tremeaux\/","title":{"rendered":"Tonnellerie Tremeaux"},"content":{"rendered":"<div id=\"cs-content\" class=\"cs-content\"><\/div>\n","protected":false},"excerpt":{"rendered":"<p>Tonnellerie Tremeaux Bourgogne, FranceImplant\u00e9e au c\u0153ur de la ville de Beaune, Tonnellerie Tremeaux est une tonnellerie artisanale ancr\u00e9e dans la tradition bourguignonne. Elle fa\u00e7onne patiemment une quantit\u00e9 limit\u00e9e de f\u00fbts qui respectent le fruit et refl\u00e8tent le caract\u00e8re unique de chaque vin. Le bois de ch\u00eane est dispos\u00e9 selon une m\u00e9thode unique d\u2019empilage dite \u00ab en chemin\u00e9e \u00bb. Cela permet &#8230; <\/p>\n<div><a href=\"https:\/\/capecooperage.com\/fr\/marques\/barriques-a-vin\/tonnellerie-tremeaux\/\" class=\"more-link\">Read More<\/a><\/div>\n","protected":false},"author":3,"featured_media":0,"parent":622,"menu_order":0,"comment_status":"closed","ping_status":"closed","template":"template-blank-4.php","meta":{"footnotes":""},"class_list":["post-655","page","type-page","status-publish","hentry","no-post-thumbnail"],"_links":{"self":[{"href":"https:\/\/capecooperage.com\/fr\/wp-json\/wp\/v2\/pages\/655","targetHints":{"allow":["GET"]}}],"collection":[{"href":"https:\/\/capecooperage.com\/fr\/wp-json\/wp\/v2\/pages"}],"about":[{"href":"https:\/\/capecooperage.com\/fr\/wp-json\/wp\/v2\/types\/page"}],"author":[{"embeddable":true,"href":"https:\/\/capecooperage.com\/fr\/wp-json\/wp\/v2\/users\/3"}],"replies":[{"embeddable":true,"href":"https:\/\/capecooperage.com\/fr\/wp-json\/wp\/v2\/comments?post=655"}],"version-history":[{"count":5,"href":"https:\/\/capecooperage.com\/fr\/wp-json\/wp\/v2\/pages\/655\/revisions"}],"predecessor-version":[{"id":746,"href":"https:\/\/capecooperage.com\/fr\/wp-json\/wp\/v2\/pages\/655\/revisions\/746"}],"up":[{"embeddable":true,"href":"https:\/\/capecooperage.com\/fr\/wp-json\/wp\/v2\/pages\/622"}],"wp:attachment":[{"href":"https:\/\/capecooperage.com\/fr\/wp-json\/wp\/v2\/media?parent=655"}],"curies":[{"name":"wp","href":"https:\/\/api.w.org\/{rel}","templated":true}]}}