{"id":649,"date":"2024-03-22T13:52:16","date_gmt":"2024-03-22T13:52:16","guid":{"rendered":"https:\/\/capecooperage.com\/tonnellerie-quintessence-french\/"},"modified":"2024-03-22T14:02:33","modified_gmt":"2024-03-22T14:02:33","slug":"tonnellerie-quintessence","status":"publish","type":"page","link":"https:\/\/capecooperage.com\/fr\/marques\/barriques-a-vin\/tonnellerie-quintessence\/","title":{"rendered":"Tonnellerie Quintessence"},"content":{"rendered":"<div id=\"cs-content\" class=\"cs-content\"><\/div>\n","protected":false},"excerpt":{"rendered":"<p>Tonnellerie Quintessence Bordeaux, FranceLa Tonnellerie Quintessence allie savoir-faire et expertise moderne. L\u2019engagement de son \u00e9quipe de ne proposer que le meilleur est l\u2019essence de Quintessence. Les barriques sont con\u00e7ues par des ma\u00eetres tonneliers engag\u00e9s dans les notions de tra\u00e7abilit\u00e9, de r\u00e9gularit\u00e9 et de personnalisation.Visiter le site internet&lt; Retour \u00e0 l\u2019ensemble des marques<\/p>\n","protected":false},"author":3,"featured_media":0,"parent":622,"menu_order":0,"comment_status":"closed","ping_status":"closed","template":"template-blank-4.php","meta":{"footnotes":""},"class_list":["post-649","page","type-page","status-publish","hentry","no-post-thumbnail"],"_links":{"self":[{"href":"https:\/\/capecooperage.com\/fr\/wp-json\/wp\/v2\/pages\/649","targetHints":{"allow":["GET"]}}],"collection":[{"href":"https:\/\/capecooperage.com\/fr\/wp-json\/wp\/v2\/pages"}],"about":[{"href":"https:\/\/capecooperage.com\/fr\/wp-json\/wp\/v2\/types\/page"}],"author":[{"embeddable":true,"href":"https:\/\/capecooperage.com\/fr\/wp-json\/wp\/v2\/users\/3"}],"replies":[{"embeddable":true,"href":"https:\/\/capecooperage.com\/fr\/wp-json\/wp\/v2\/comments?post=649"}],"version-history":[{"count":4,"href":"https:\/\/capecooperage.com\/fr\/wp-json\/wp\/v2\/pages\/649\/revisions"}],"predecessor-version":[{"id":659,"href":"https:\/\/capecooperage.com\/fr\/wp-json\/wp\/v2\/pages\/649\/revisions\/659"}],"up":[{"embeddable":true,"href":"https:\/\/capecooperage.com\/fr\/wp-json\/wp\/v2\/pages\/622"}],"wp:attachment":[{"href":"https:\/\/capecooperage.com\/fr\/wp-json\/wp\/v2\/media?parent=649"}],"curies":[{"name":"wp","href":"https:\/\/api.w.org\/{rel}","templated":true}]}}