{"id":636,"date":"2024-03-21T20:58:52","date_gmt":"2024-03-21T20:58:52","guid":{"rendered":"https:\/\/capecooperage.com\/quality-certificates-french\/"},"modified":"2026-01-27T20:15:28","modified_gmt":"2026-01-27T20:15:28","slug":"certificats-de-qualite","status":"publish","type":"page","link":"https:\/\/capecooperage.com\/fr\/certificats-de-qualite\/","title":{"rendered":"Certificats de Qualit\u00e9"},"content":{"rendered":"<div id=\"cs-content\" class=\"cs-content\"><\/div>\n","protected":false},"excerpt":{"rendered":"<p>Nos certificats de qualit\u00e9 Voici certains des certificats de qualit\u00e9 les plus demand\u00e9s. Veuillez nous contacter pour tout autre document dont vous pourriez avoir besoin. Certifications ISO&nbsp; Merrain International\/Tonnellerie de France ISO 9001Tonnellerie de France ISO 22000Missouri Cooperage ISO 9001Missouri Cooperage ISO 14001Missouri Cooperage ISO 22000Certifications PEFC et durabilit&eacute; Qu&rsquo;est-ce que le PEFC ? En savoir plus sur cette certification &#8230; <\/p>\n<div><a href=\"https:\/\/capecooperage.com\/fr\/certificats-de-qualite\/\" class=\"more-link\">Read More<\/a><\/div>\n","protected":false},"author":3,"featured_media":0,"parent":0,"menu_order":0,"comment_status":"closed","ping_status":"closed","template":"template-blank-4.php","meta":{"footnotes":""},"class_list":["post-636","page","type-page","status-publish","hentry","no-post-thumbnail"],"_links":{"self":[{"href":"https:\/\/capecooperage.com\/fr\/wp-json\/wp\/v2\/pages\/636","targetHints":{"allow":["GET"]}}],"collection":[{"href":"https:\/\/capecooperage.com\/fr\/wp-json\/wp\/v2\/pages"}],"about":[{"href":"https:\/\/capecooperage.com\/fr\/wp-json\/wp\/v2\/types\/page"}],"author":[{"embeddable":true,"href":"https:\/\/capecooperage.com\/fr\/wp-json\/wp\/v2\/users\/3"}],"replies":[{"embeddable":true,"href":"https:\/\/capecooperage.com\/fr\/wp-json\/wp\/v2\/comments?post=636"}],"version-history":[{"count":9,"href":"https:\/\/capecooperage.com\/fr\/wp-json\/wp\/v2\/pages\/636\/revisions"}],"predecessor-version":[{"id":821,"href":"https:\/\/capecooperage.com\/fr\/wp-json\/wp\/v2\/pages\/636\/revisions\/821"}],"wp:attachment":[{"href":"https:\/\/capecooperage.com\/fr\/wp-json\/wp\/v2\/media?parent=636"}],"curies":[{"name":"wp","href":"https:\/\/api.w.org\/{rel}","templated":true}]}}