{"id":632,"date":"2024-03-21T20:53:23","date_gmt":"2024-03-21T20:53:23","guid":{"rendered":"https:\/\/capecooperage.com\/evoak-french\/"},"modified":"2024-03-22T17:23:21","modified_gmt":"2024-03-22T17:23:21","slug":"evoak","status":"publish","type":"page","link":"https:\/\/capecooperage.com\/fr\/marques\/bois-de-chene-oenologiques\/evoak\/","title":{"rendered":"\u0113vOAK"},"content":{"rendered":"<div id=\"cs-content\" class=\"cs-content\"><\/div>\n","protected":false},"excerpt":{"rendered":"<p>\u0113vOAK \u00c9tats-Unis | FranceDepuis de nombreuses ann\u00e9es, \u0113vOAK est la r\u00e9f\u00e9rence en mati\u00e8re de bois de ch\u00eane \u0153nologiques. Ses bois de ch\u00eane haut de gamme existent en diff\u00e9rentes formes et en diff\u00e9rentes tailles, offrant des solutions cr\u00e9atives aux vinificateurs et distillateurs d\u2019aujourd\u2019hui.Visiter le site internet&lt; Retour \u00e0 l\u2019ensemble des marques<\/p>\n","protected":false},"author":3,"featured_media":0,"parent":627,"menu_order":0,"comment_status":"closed","ping_status":"closed","template":"template-blank-4.php","meta":{"footnotes":""},"class_list":["post-632","page","type-page","status-publish","hentry","no-post-thumbnail"],"_links":{"self":[{"href":"https:\/\/capecooperage.com\/fr\/wp-json\/wp\/v2\/pages\/632","targetHints":{"allow":["GET"]}}],"collection":[{"href":"https:\/\/capecooperage.com\/fr\/wp-json\/wp\/v2\/pages"}],"about":[{"href":"https:\/\/capecooperage.com\/fr\/wp-json\/wp\/v2\/types\/page"}],"author":[{"embeddable":true,"href":"https:\/\/capecooperage.com\/fr\/wp-json\/wp\/v2\/users\/3"}],"replies":[{"embeddable":true,"href":"https:\/\/capecooperage.com\/fr\/wp-json\/wp\/v2\/comments?post=632"}],"version-history":[{"count":4,"href":"https:\/\/capecooperage.com\/fr\/wp-json\/wp\/v2\/pages\/632\/revisions"}],"predecessor-version":[{"id":722,"href":"https:\/\/capecooperage.com\/fr\/wp-json\/wp\/v2\/pages\/632\/revisions\/722"}],"up":[{"embeddable":true,"href":"https:\/\/capecooperage.com\/fr\/wp-json\/wp\/v2\/pages\/627"}],"wp:attachment":[{"href":"https:\/\/capecooperage.com\/fr\/wp-json\/wp\/v2\/media?parent=632"}],"curies":[{"name":"wp","href":"https:\/\/api.w.org\/{rel}","templated":true}]}}