{"id":627,"date":"2024-03-21T20:50:53","date_gmt":"2024-03-21T20:50:53","guid":{"rendered":"https:\/\/capecooperage.com\/oak-alternatives-french\/"},"modified":"2024-03-22T15:46:28","modified_gmt":"2024-03-22T15:46:28","slug":"bois-de-chene-oenologiques","status":"publish","type":"page","link":"https:\/\/capecooperage.com\/fr\/marques\/bois-de-chene-oenologiques\/","title":{"rendered":"Bois de ch\u00eane \u0153nologiques"},"content":{"rendered":"<div id=\"cs-content\" class=\"cs-content\"><\/div>\n","protected":false},"excerpt":{"rendered":"<p>Notre Collection Premium Le Cape Cooperage Group est fier de proposer \u00e0 ses clients haut de gamme un portefeuille complet de bois de ch\u00eane \u0153nologiques. Chacune de nos marques incarne une essence unique, et notre \u00e9quipe consulte directement avec les vinificateurs et distillateurs pour leur trouver le produit qui convient parfaitement \u00e0 leur vin ou spiritueux.\u0113vOAK tr\u016b\/tan Heinrich Oak Alternatives<\/p>\n","protected":false},"author":3,"featured_media":0,"parent":609,"menu_order":0,"comment_status":"closed","ping_status":"closed","template":"template-blank-4.php","meta":{"footnotes":""},"class_list":["post-627","page","type-page","status-publish","hentry","no-post-thumbnail"],"_links":{"self":[{"href":"https:\/\/capecooperage.com\/fr\/wp-json\/wp\/v2\/pages\/627","targetHints":{"allow":["GET"]}}],"collection":[{"href":"https:\/\/capecooperage.com\/fr\/wp-json\/wp\/v2\/pages"}],"about":[{"href":"https:\/\/capecooperage.com\/fr\/wp-json\/wp\/v2\/types\/page"}],"author":[{"embeddable":true,"href":"https:\/\/capecooperage.com\/fr\/wp-json\/wp\/v2\/users\/3"}],"replies":[{"embeddable":true,"href":"https:\/\/capecooperage.com\/fr\/wp-json\/wp\/v2\/comments?post=627"}],"version-history":[{"count":4,"href":"https:\/\/capecooperage.com\/fr\/wp-json\/wp\/v2\/pages\/627\/revisions"}],"predecessor-version":[{"id":631,"href":"https:\/\/capecooperage.com\/fr\/wp-json\/wp\/v2\/pages\/627\/revisions\/631"}],"up":[{"embeddable":true,"href":"https:\/\/capecooperage.com\/fr\/wp-json\/wp\/v2\/pages\/609"}],"wp:attachment":[{"href":"https:\/\/capecooperage.com\/fr\/wp-json\/wp\/v2\/media?parent=627"}],"curies":[{"name":"wp","href":"https:\/\/api.w.org\/{rel}","templated":true}]}}