{"id":622,"date":"2024-03-21T20:43:09","date_gmt":"2024-03-21T20:43:09","guid":{"rendered":"https:\/\/capecooperage.com\/wine-barrel-brands-french\/"},"modified":"2026-01-09T14:07:40","modified_gmt":"2026-01-09T14:07:40","slug":"barriques-a-vin","status":"publish","type":"page","link":"https:\/\/capecooperage.com\/fr\/marques\/barriques-a-vin\/","title":{"rendered":"Barriques \u00e0 vin"},"content":{"rendered":"<div id=\"cs-content\" class=\"cs-content\"><\/div>\n","protected":false},"excerpt":{"rendered":"<p>Notre Collection Premium Le Cape Cooperage Group est fier de proposer \u00e0 ses clients haut de gamme un portefeuille complet de barriques \u00e0 vin. Chacune de nos marques incarne une essence unique, et notre \u00e9quipe consulte directement avec les vinificateurs pour leur trouver la barrique qui convient parfaitement \u00e0 leur vin.Tonnellerie Quintessence Tonnellerie Tremeaux Maison Moussi\u00e9 TWB Cooperage Heinrich Cooperage &#8230; <\/p>\n<div><a href=\"https:\/\/capecooperage.com\/fr\/marques\/barriques-a-vin\/\" class=\"more-link\">Read More<\/a><\/div>\n","protected":false},"author":3,"featured_media":0,"parent":609,"menu_order":0,"comment_status":"closed","ping_status":"closed","template":"template-blank-4.php","meta":{"footnotes":""},"class_list":["post-622","page","type-page","status-publish","hentry","no-post-thumbnail"],"_links":{"self":[{"href":"https:\/\/capecooperage.com\/fr\/wp-json\/wp\/v2\/pages\/622","targetHints":{"allow":["GET"]}}],"collection":[{"href":"https:\/\/capecooperage.com\/fr\/wp-json\/wp\/v2\/pages"}],"about":[{"href":"https:\/\/capecooperage.com\/fr\/wp-json\/wp\/v2\/types\/page"}],"author":[{"embeddable":true,"href":"https:\/\/capecooperage.com\/fr\/wp-json\/wp\/v2\/users\/3"}],"replies":[{"embeddable":true,"href":"https:\/\/capecooperage.com\/fr\/wp-json\/wp\/v2\/comments?post=622"}],"version-history":[{"count":4,"href":"https:\/\/capecooperage.com\/fr\/wp-json\/wp\/v2\/pages\/622\/revisions"}],"predecessor-version":[{"id":626,"href":"https:\/\/capecooperage.com\/fr\/wp-json\/wp\/v2\/pages\/622\/revisions\/626"}],"up":[{"embeddable":true,"href":"https:\/\/capecooperage.com\/fr\/wp-json\/wp\/v2\/pages\/609"}],"wp:attachment":[{"href":"https:\/\/capecooperage.com\/fr\/wp-json\/wp\/v2\/media?parent=622"}],"curies":[{"name":"wp","href":"https:\/\/api.w.org\/{rel}","templated":true}]}}