{"id":609,"date":"2024-01-19T20:02:29","date_gmt":"2024-01-19T20:02:29","guid":{"rendered":"https:\/\/capecooperage.com\/marques\/"},"modified":"2024-03-22T13:49:32","modified_gmt":"2024-03-22T13:49:32","slug":"marques","status":"publish","type":"page","link":"https:\/\/capecooperage.com\/fr\/marques\/","title":{"rendered":"Marques"},"content":{"rendered":"<div id=\"cs-content\" class=\"cs-content\"><\/div>\n","protected":false},"excerpt":{"rendered":"<p>Nos marques Le Cape Cooperage Group est fier de proposer \u00e0 ses clients haut de gamme un portefeuille de barriques \u00e0 vin, de barriques \u00e0 spiritueux et de bois de ch\u00eane \u0153nologiques.Barriques \u00e0 vinBois de ch\u00eane \u0153nologiquesBarriques \u00e0 spiritueux<\/p>\n","protected":false},"author":3,"featured_media":0,"parent":0,"menu_order":0,"comment_status":"closed","ping_status":"closed","template":"template-blank-4.php","meta":{"footnotes":""},"class_list":["post-609","page","type-page","status-publish","hentry","no-post-thumbnail"],"_links":{"self":[{"href":"https:\/\/capecooperage.com\/fr\/wp-json\/wp\/v2\/pages\/609","targetHints":{"allow":["GET"]}}],"collection":[{"href":"https:\/\/capecooperage.com\/fr\/wp-json\/wp\/v2\/pages"}],"about":[{"href":"https:\/\/capecooperage.com\/fr\/wp-json\/wp\/v2\/types\/page"}],"author":[{"embeddable":true,"href":"https:\/\/capecooperage.com\/fr\/wp-json\/wp\/v2\/users\/3"}],"replies":[{"embeddable":true,"href":"https:\/\/capecooperage.com\/fr\/wp-json\/wp\/v2\/comments?post=609"}],"version-history":[{"count":4,"href":"https:\/\/capecooperage.com\/fr\/wp-json\/wp\/v2\/pages\/609\/revisions"}],"predecessor-version":[{"id":613,"href":"https:\/\/capecooperage.com\/fr\/wp-json\/wp\/v2\/pages\/609\/revisions\/613"}],"wp:attachment":[{"href":"https:\/\/capecooperage.com\/fr\/wp-json\/wp\/v2\/media?parent=609"}],"curies":[{"name":"wp","href":"https:\/\/api.w.org\/{rel}","templated":true}]}}