{"id":588,"date":"2024-03-12T15:19:34","date_gmt":"2024-03-12T15:19:34","guid":{"rendered":"https:\/\/capecooperage.com\/our-team-french\/"},"modified":"2024-11-25T18:49:48","modified_gmt":"2024-11-25T18:49:48","slug":"notre-equipe-2","status":"publish","type":"page","link":"https:\/\/capecooperage.com\/fr\/notre-equipe-2\/","title":{"rendered":"Notre \u00e9quipe"},"content":{"rendered":"<div id=\"cs-content\" class=\"cs-content\"><\/div>\n","protected":false},"excerpt":{"rendered":"<p>Notre \u00e9quipe Nos consultants en barriques et sp\u00e9cialistes en bois de ch\u00eane \u0153nologiques ont des ann\u00e9es d\u2019exp\u00e9rience pratique dans nos tonnelleries et merranderies dans le Missouri, en France et en Australie. Ils sont experts dans les nuances de chacune de nos marques, nouant de fortes relations avec les vinificateurs et distillateurs, afin de trouver les produits les mieux adapt\u00e9s \u00e0 &#8230; <\/p>\n<div><a href=\"https:\/\/capecooperage.com\/fr\/notre-equipe-2\/\" class=\"more-link\">Read More<\/a><\/div>\n","protected":false},"author":3,"featured_media":0,"parent":0,"menu_order":0,"comment_status":"closed","ping_status":"closed","template":"template-blank-4.php","meta":{"footnotes":""},"class_list":["post-588","page","type-page","status-publish","hentry","no-post-thumbnail"],"_links":{"self":[{"href":"https:\/\/capecooperage.com\/fr\/wp-json\/wp\/v2\/pages\/588","targetHints":{"allow":["GET"]}}],"collection":[{"href":"https:\/\/capecooperage.com\/fr\/wp-json\/wp\/v2\/pages"}],"about":[{"href":"https:\/\/capecooperage.com\/fr\/wp-json\/wp\/v2\/types\/page"}],"author":[{"embeddable":true,"href":"https:\/\/capecooperage.com\/fr\/wp-json\/wp\/v2\/users\/3"}],"replies":[{"embeddable":true,"href":"https:\/\/capecooperage.com\/fr\/wp-json\/wp\/v2\/comments?post=588"}],"version-history":[{"count":4,"href":"https:\/\/capecooperage.com\/fr\/wp-json\/wp\/v2\/pages\/588\/revisions"}],"predecessor-version":[{"id":592,"href":"https:\/\/capecooperage.com\/fr\/wp-json\/wp\/v2\/pages\/588\/revisions\/592"}],"wp:attachment":[{"href":"https:\/\/capecooperage.com\/fr\/wp-json\/wp\/v2\/media?parent=588"}],"curies":[{"name":"wp","href":"https:\/\/api.w.org\/{rel}","templated":true}]}}