{"id":572,"date":"2023-11-28T19:07:36","date_gmt":"2023-11-28T19:07:36","guid":{"rendered":"https:\/\/capecooperage.com\/home-fr\/"},"modified":"2024-03-21T20:41:49","modified_gmt":"2024-03-21T20:41:49","slug":"accueil","status":"publish","type":"page","link":"https:\/\/capecooperage.com\/fr\/","title":{"rendered":"Accueil"},"content":{"rendered":"<div id=\"cs-content\" class=\"cs-content\"><\/div>\n","protected":false},"excerpt":{"rendered":"<p>Une collection de marques haut de gamme de barriques \u00e0 vin, de barriques \u00e0 spiritueux et de bois de ch\u00eane \u0153nologiques. D\u00e9couvrir nos CollectionsQui sommes-nous Conseils d\u2019experts et service client\u00e8le Nos consultants en barriques et nos sp\u00e9cialistes en bois de ch\u00eane \u0153nologiques travaillent directement avec les clients pour trouver le bois de ch\u00eane le plus adapt\u00e9 \u00e0 un vin donn\u00e9. &#8230; <\/p>\n<div><a href=\"https:\/\/capecooperage.com\/fr\/\" class=\"more-link\">Read More<\/a><\/div>\n","protected":false},"author":3,"featured_media":0,"parent":0,"menu_order":0,"comment_status":"closed","ping_status":"closed","template":"template-blank-4.php","meta":{"footnotes":""},"class_list":["post-572","page","type-page","status-publish","hentry","no-post-thumbnail"],"_links":{"self":[{"href":"https:\/\/capecooperage.com\/fr\/wp-json\/wp\/v2\/pages\/572","targetHints":{"allow":["GET"]}}],"collection":[{"href":"https:\/\/capecooperage.com\/fr\/wp-json\/wp\/v2\/pages"}],"about":[{"href":"https:\/\/capecooperage.com\/fr\/wp-json\/wp\/v2\/types\/page"}],"author":[{"embeddable":true,"href":"https:\/\/capecooperage.com\/fr\/wp-json\/wp\/v2\/users\/3"}],"replies":[{"embeddable":true,"href":"https:\/\/capecooperage.com\/fr\/wp-json\/wp\/v2\/comments?post=572"}],"version-history":[{"count":11,"href":"https:\/\/capecooperage.com\/fr\/wp-json\/wp\/v2\/pages\/572\/revisions"}],"predecessor-version":[{"id":583,"href":"https:\/\/capecooperage.com\/fr\/wp-json\/wp\/v2\/pages\/572\/revisions\/583"}],"wp:attachment":[{"href":"https:\/\/capecooperage.com\/fr\/wp-json\/wp\/v2\/media?parent=572"}],"curies":[{"name":"wp","href":"https:\/\/api.w.org\/{rel}","templated":true}]}}